{"id":35,"date":"2026-04-11T15:00:45","date_gmt":"2026-04-11T15:00:45","guid":{"rendered":"http:\/\/myimmolib.com\/?page_id=35"},"modified":"2026-04-11T16:04:26","modified_gmt":"2026-04-11T16:04:26","slug":"maine-et-loire-49","status":"publish","type":"page","link":"https:\/\/myimmolib.com\/index.php\/maine-et-loire-49\/","title":{"rendered":"Maine et Loire (49)"},"content":{"rendered":"\n<p class=\"has-text-align-left has-large-font-size\">(49290) Chalonnes-Sur-Loire<strong>\u00a0<\/strong><\/p>\n\n\n\n<blockquote class=\"wp-block-quote is-layout-flow wp-block-quote-is-layout-flow\">\n<p>Chalonnes-sur-Loire est une charmante commune situ\u00e9e dans le d\u00e9partement du Maine-et-Loire, en r\u00e9gion Pays de la Loire. Elle se trouve \u00e0 une trentaine de kilom\u00e8tres d&rsquo;Angers et b\u00e9n\u00e9ficie d&rsquo;un cadre de vie idyllique gr\u00e2ce \u00e0 sa proximit\u00e9 avec la Loire, class\u00e9e au patrimoine mondial de l&rsquo;UNESCO. Ville \u00e0 taille humaine, elle est appr\u00e9ci\u00e9e pour son ambiance conviviale et son environnement naturel pr\u00e9serv\u00e9. Entre vignes, paysages vallonn\u00e9s, et bords de Loire, elle offre de multiples possibilit\u00e9s pour les amateurs de randonn\u00e9e, de v\u00e9lo ou de balades en pleine nature.&nbsp;<\/p>\n\n\n\n<p>Chalonnes-sur-Loire poss\u00e8de \u00e9galement un riche patrimoine historique avec des monuments comme l&rsquo;\u00e9glise Saint-Maurille, des moulins et des maisons anciennes qui t\u00e9moignent d&rsquo;un pass\u00e9 prosp\u00e8re. Ses commerces, \u00e9coles et services locaux r\u00e9pondent aux besoins des familles tout en gardant une atmosph\u00e8re authentique de village.&nbsp;<\/p>\n\n\n\n<p>En termes de transports, la ville est bien desservie avec des connexions rapides vers Angers et les autres villes environnantes, ce qui en fait un lieu id\u00e9al pour les personnes souhaitant allier vie paisible et proximit\u00e9 urbaine.&nbsp;<\/p>\n\n\n\n<p>Le lotissement situ\u00e9 \u00e0 La Bourgonni\u00e8re s&rsquo;inscrit parfaitement dans cet environnement paisible et bucolique. Il offre des habitations modernes tout en s\u2019int\u00e9grant harmonieusement au cadre naturel de la r\u00e9gion. Proche des commodit\u00e9s et des sentiers longeant la Loire, ce quartier r\u00e9sidentiel s\u00e9duit par son calme et sa qualit\u00e9 de vie, id\u00e9al pour les familles ou ceux cherchant un cadre de vie reposant au c\u0153ur de la vall\u00e9e de la Loire.&nbsp;<\/p>\n<\/blockquote>\n\n\n\n<figure class=\"wp-block-image size-large\"><img loading=\"lazy\" decoding=\"async\" width=\"1024\" height=\"341\" src=\"http:\/\/myimmolib.com\/wp-content\/uploads\/2026\/04\/Chalonnes-sur-Loire00004-scaled-1-1024x341.webp\" alt=\"\" class=\"wp-image-48\" srcset=\"https:\/\/myimmolib.com\/wp-content\/uploads\/2026\/04\/Chalonnes-sur-Loire00004-scaled-1-1024x341.webp 1024w, https:\/\/myimmolib.com\/wp-content\/uploads\/2026\/04\/Chalonnes-sur-Loire00004-scaled-1-300x100.webp 300w, https:\/\/myimmolib.com\/wp-content\/uploads\/2026\/04\/Chalonnes-sur-Loire00004-scaled-1-768x256.webp 768w, https:\/\/myimmolib.com\/wp-content\/uploads\/2026\/04\/Chalonnes-sur-Loire00004-scaled-1-1536x512.webp 1536w, https:\/\/myimmolib.com\/wp-content\/uploads\/2026\/04\/Chalonnes-sur-Loire00004-scaled-1.webp 1800w\" sizes=\"auto, (max-width: 1024px) 100vw, 1024px\" \/><\/figure>\n\n\n\n<p><\/p>\n","protected":false},"excerpt":{"rendered":"<p>(49290) Chalonnes-Sur-Loire\u00a0 Chalonnes-sur-Loire est une charmante commune situ\u00e9e dans le d\u00e9partement du Maine-et-Loire, en r\u00e9gion Pays de la Loire. Elle se trouve \u00e0 une trentaine de kilom\u00e8tres d&rsquo;Angers et b\u00e9n\u00e9ficie d&rsquo;un cadre de vie idyllique gr\u00e2ce \u00e0 sa proximit\u00e9 avec la Loire, class\u00e9e au patrimoine mondial de l&rsquo;UNESCO. Ville \u00e0 taille humaine, elle est appr\u00e9ci\u00e9e [&hellip;]<\/p>\n","protected":false},"author":1,"featured_media":0,"parent":0,"menu_order":0,"comment_status":"closed","ping_status":"closed","template":"","meta":{"footnotes":""},"class_list":["post-35","page","type-page","status-publish","hentry"],"_links":{"self":[{"href":"https:\/\/myimmolib.com\/index.php\/wp-json\/wp\/v2\/pages\/35","targetHints":{"allow":["GET"]}}],"collection":[{"href":"https:\/\/myimmolib.com\/index.php\/wp-json\/wp\/v2\/pages"}],"about":[{"href":"https:\/\/myimmolib.com\/index.php\/wp-json\/wp\/v2\/types\/page"}],"author":[{"embeddable":true,"href":"https:\/\/myimmolib.com\/index.php\/wp-json\/wp\/v2\/users\/1"}],"replies":[{"embeddable":true,"href":"https:\/\/myimmolib.com\/index.php\/wp-json\/wp\/v2\/comments?post=35"}],"version-history":[{"count":4,"href":"https:\/\/myimmolib.com\/index.php\/wp-json\/wp\/v2\/pages\/35\/revisions"}],"predecessor-version":[{"id":64,"href":"https:\/\/myimmolib.com\/index.php\/wp-json\/wp\/v2\/pages\/35\/revisions\/64"}],"wp:attachment":[{"href":"https:\/\/myimmolib.com\/index.php\/wp-json\/wp\/v2\/media?parent=35"}],"curies":[{"name":"wp","href":"https:\/\/api.w.org\/{rel}","templated":true}]}}