{"id":38,"date":"2026-04-11T15:46:03","date_gmt":"2026-04-11T15:46:03","guid":{"rendered":"http:\/\/myimmolib.com\/?page_id=38"},"modified":"2026-04-11T15:58:24","modified_gmt":"2026-04-11T15:58:24","slug":"sarthe-72","status":"publish","type":"page","link":"https:\/\/myimmolib.com\/index.php\/sarthe-72\/","title":{"rendered":"Sarthe (72)"},"content":{"rendered":"\n<p class=\"has-large-font-size\">(72160) Thorign\u00e9-Sur-Du\u00e9<\/p>\n\n\n\n<blockquote class=\"wp-block-quote is-layout-flow wp-block-quote-is-layout-flow\">\n<p>Thorign\u00e9-sur-Du\u00e9 est un charmant village situ\u00e9 dans la Sarthe, en r\u00e9gion Pays de la Loire, \u00e0 environ 40 km du Mans. Ce village pittoresque offre un cadre de vie paisible et verdoyant, id\u00e9al pour ceux qui recherchent le calme et la tranquillit\u00e9, tout en restant \u00e0 proximit\u00e9 des commodit\u00e9s essentielles. Le village b\u00e9n\u00e9ficie d\u2019une ambiance conviviale avec une population accueillante et de nombreuses animations locales qui rythment la vie de ses habitants. Les amateurs de nature y trouveront de vastes espaces champ\u00eatres, propices aux balades et aux activit\u00e9s de plein air.&nbsp;<\/p>\n\n\n\n<p>Le village dispose \u00e9galement d\u2019une \u00e9cole primaire, de commerces de proximit\u00e9, ainsi que d\u2019un acc\u00e8s facile aux services et infrastructures des villes environnantes. Gr\u00e2ce \u00e0 sa situation g\u00e9ographique, Thorign\u00e9-sur-Du\u00e9 est un point de d\u00e9part id\u00e9al pour d\u00e9couvrir la r\u00e9gion, notamment les c\u00e9l\u00e8bres circuits touristiques de la vall\u00e9e de la Loire.&nbsp;<\/p>\n\n\n\n<p>Le lotissement situ\u00e9 rue des Jonquilles incarne parfaitement cette harmonie entre tranquillit\u00e9 et modernit\u00e9. Nich\u00e9 dans un quartier r\u00e9sidentiel calme, ce lotissement propose des maisons r\u00e9centes et bien agenc\u00e9es, parfaites pour les familles ou les couples en qu\u00eate de confort. Les habitations b\u00e9n\u00e9ficient de beaux espaces ext\u00e9rieurs et d\u2019une proximit\u00e9 avec les espaces verts du village, offrant ainsi un cadre de vie agr\u00e9able et serein.<\/p>\n<\/blockquote>\n\n\n\n<figure class=\"wp-block-image size-large\"><img loading=\"lazy\" decoding=\"async\" width=\"1024\" height=\"327\" src=\"http:\/\/myimmolib.com\/wp-content\/uploads\/2026\/04\/fondLeMans1-1024x327.png\" alt=\"\" class=\"wp-image-50\" srcset=\"https:\/\/myimmolib.com\/wp-content\/uploads\/2026\/04\/fondLeMans1-1024x327.png 1024w, https:\/\/myimmolib.com\/wp-content\/uploads\/2026\/04\/fondLeMans1-300x96.png 300w, https:\/\/myimmolib.com\/wp-content\/uploads\/2026\/04\/fondLeMans1-768x245.png 768w, https:\/\/myimmolib.com\/wp-content\/uploads\/2026\/04\/fondLeMans1-1536x490.png 1536w, https:\/\/myimmolib.com\/wp-content\/uploads\/2026\/04\/fondLeMans1.png 1917w\" sizes=\"auto, (max-width: 1024px) 100vw, 1024px\" \/><\/figure>\n","protected":false},"excerpt":{"rendered":"<p>(72160) Thorign\u00e9-Sur-Du\u00e9 Thorign\u00e9-sur-Du\u00e9 est un charmant village situ\u00e9 dans la Sarthe, en r\u00e9gion Pays de la Loire, \u00e0 environ 40 km du Mans. Ce village pittoresque offre un cadre de vie paisible et verdoyant, id\u00e9al pour ceux qui recherchent le calme et la tranquillit\u00e9, tout en restant \u00e0 proximit\u00e9 des commodit\u00e9s essentielles. Le village b\u00e9n\u00e9ficie [&hellip;]<\/p>\n","protected":false},"author":1,"featured_media":0,"parent":0,"menu_order":0,"comment_status":"closed","ping_status":"closed","template":"","meta":{"footnotes":""},"class_list":["post-38","page","type-page","status-publish","hentry"],"_links":{"self":[{"href":"https:\/\/myimmolib.com\/index.php\/wp-json\/wp\/v2\/pages\/38","targetHints":{"allow":["GET"]}}],"collection":[{"href":"https:\/\/myimmolib.com\/index.php\/wp-json\/wp\/v2\/pages"}],"about":[{"href":"https:\/\/myimmolib.com\/index.php\/wp-json\/wp\/v2\/types\/page"}],"author":[{"embeddable":true,"href":"https:\/\/myimmolib.com\/index.php\/wp-json\/wp\/v2\/users\/1"}],"replies":[{"embeddable":true,"href":"https:\/\/myimmolib.com\/index.php\/wp-json\/wp\/v2\/comments?post=38"}],"version-history":[{"count":2,"href":"https:\/\/myimmolib.com\/index.php\/wp-json\/wp\/v2\/pages\/38\/revisions"}],"predecessor-version":[{"id":51,"href":"https:\/\/myimmolib.com\/index.php\/wp-json\/wp\/v2\/pages\/38\/revisions\/51"}],"wp:attachment":[{"href":"https:\/\/myimmolib.com\/index.php\/wp-json\/wp\/v2\/media?parent=38"}],"curies":[{"name":"wp","href":"https:\/\/api.w.org\/{rel}","templated":true}]}}